{"id":7268,"date":"2025-02-20T06:27:56","date_gmt":"2025-02-20T05:27:56","guid":{"rendered":"https:\/\/thebluestay.com\/blog\/"},"modified":"2025-06-16T17:02:34","modified_gmt":"2025-06-16T15:02:34","slug":"blog","status":"publish","type":"page","link":"https:\/\/thebluestay.com\/fr\/blog\/","title":{"rendered":"Blog"},"content":{"rendered":"\t\t<div data-elementor-type=\"wp-page\" data-elementor-id=\"7268\" class=\"elementor elementor-7268 elementor-1322\" data-elementor-post-type=\"page\">\n\t\t\t\t<div class=\"elementor-element elementor-element-76f6cb5 e-flex e-con-boxed e-con e-parent\" data-id=\"76f6cb5\" data-element_type=\"container\" data-e-type=\"container\" data-settings=\"{&quot;background_background&quot;:&quot;classic&quot;}\">\n\t\t\t\t\t<div class=\"e-con-inner\">\n\t\t<div class=\"elementor-element elementor-element-3580589 e-con-full e-flex e-con e-child\" data-id=\"3580589\" data-element_type=\"container\" data-e-type=\"container\">\n\t\t\t\t<div class=\"elementor-element elementor-element-d083612 elementor-widget elementor-widget-heading\" data-id=\"d083612\" data-element_type=\"widget\" data-e-type=\"widget\" data-widget_type=\"heading.default\">\n\t\t\t\t<div class=\"elementor-widget-container\">\n\t\t\t\t\t<h1 class=\"elementor-heading-title elementor-size-default\">Blog<\/h1>\t\t\t\t<\/div>\n\t\t\t\t<\/div>\n\t\t\t\t<div class=\"elementor-element elementor-element-47d9ed4 elementor-widget elementor-widget-heading\" data-id=\"47d9ed4\" data-element_type=\"widget\" data-e-type=\"widget\" data-widget_type=\"heading.default\">\n\t\t\t\t<div class=\"elementor-widget-container\">\n\t\t\t\t\t<span class=\"elementor-heading-title elementor-size-default\">D\u00e9couvrez nos guides et conseils<\/span>\t\t\t\t<\/div>\n\t\t\t\t<\/div>\n\t\t\t\t<\/div>\n\t\t\t\t\t<\/div>\n\t\t\t\t<\/div>\n\t\t<div class=\"elementor-element elementor-element-9175d8d e-flex e-con-boxed e-con e-parent\" data-id=\"9175d8d\" data-element_type=\"container\" data-e-type=\"container\" data-settings=\"{&quot;background_background&quot;:&quot;classic&quot;}\">\n\t\t\t\t\t<div class=\"e-con-inner\">\n\t\t\t\t<div class=\"elementor-element elementor-element-7e7bff9 elementor-widget__width-initial elementor-widget-divider--view-line elementor-widget elementor-widget-divider\" data-id=\"7e7bff9\" data-element_type=\"widget\" data-e-type=\"widget\" data-widget_type=\"divider.default\">\n\t\t\t\t<div class=\"elementor-widget-container\">\n\t\t\t\t\t\t\t<div class=\"elementor-divider\">\n\t\t\t<span class=\"elementor-divider-separator\">\n\t\t\t\t\t\t<\/span>\n\t\t<\/div>\n\t\t\t\t\t\t<\/div>\n\t\t\t\t<\/div>\n\t\t\t\t<div class=\"elementor-element elementor-element-5674257 elementor-widget-mobile__width-initial elementor-widget elementor-widget-heading\" data-id=\"5674257\" data-element_type=\"widget\" data-e-type=\"widget\" data-widget_type=\"heading.default\">\n\t\t\t\t<div class=\"elementor-widget-container\">\n\t\t\t\t\t<p class=\"elementor-heading-title elementor-size-default\">Nos derniers articles<\/p>\t\t\t\t<\/div>\n\t\t\t\t<\/div>\n\t\t\t\t\t<\/div>\n\t\t\t\t<\/div>\n\t\t<div class=\"elementor-element elementor-element-9e7deb9 e-flex e-con-boxed e-con e-parent\" data-id=\"9e7deb9\" data-element_type=\"container\" data-e-type=\"container\" data-settings=\"{&quot;background_background&quot;:&quot;classic&quot;}\">\n\t\t\t\t\t<div class=\"e-con-inner\">\n\t\t\t\t<div class=\"elementor-element elementor-element-6d07794 latest_article elementor-grid-3 elementor-grid-tablet-2 elementor-grid-mobile-1 elementor-posts--thumbnail-top load-more-align-center elementor-widget elementor-widget-posts\" data-id=\"6d07794\" data-element_type=\"widget\" data-e-type=\"widget\" data-settings=\"{&quot;pagination_type&quot;:&quot;load_more_on_click&quot;,&quot;classic_columns&quot;:&quot;3&quot;,&quot;classic_columns_tablet&quot;:&quot;2&quot;,&quot;classic_columns_mobile&quot;:&quot;1&quot;,&quot;classic_row_gap&quot;:{&quot;unit&quot;:&quot;px&quot;,&quot;size&quot;:35,&quot;sizes&quot;:[]},&quot;classic_row_gap_tablet&quot;:{&quot;unit&quot;:&quot;px&quot;,&quot;size&quot;:&quot;&quot;,&quot;sizes&quot;:[]},&quot;classic_row_gap_mobile&quot;:{&quot;unit&quot;:&quot;px&quot;,&quot;size&quot;:&quot;&quot;,&quot;sizes&quot;:[]},&quot;load_more_spinner&quot;:{&quot;value&quot;:&quot;fas fa-spinner&quot;,&quot;library&quot;:&quot;fa-solid&quot;}}\" data-widget_type=\"posts.classic\">\n\t\t\t\t<div class=\"elementor-widget-container\">\n\t\t\t\t\t\t\t<div class=\"elementor-posts-container elementor-posts elementor-posts--skin-classic elementor-grid\" role=\"list\">\n\t\t\t\t<article class=\"elementor-post elementor-grid-item post-7217 post type-post status-publish format-standard has-post-thumbnail hentry category-guide-fr\" role=\"listitem\">\n\t\t\t\t<a class=\"elementor-post__thumbnail__link\" href=\"https:\/\/thebluestay.com\/fr\/quel-service-de-conciergerie-choisir-pour-votre-residence-de-luxe\/\" tabindex=\"-1\" >\n\t\t\t<div class=\"elementor-post__thumbnail\"><img fetchpriority=\"high\" decoding=\"async\" width=\"1608\" height=\"1052\" src=\"https:\/\/thebluestay.com\/wp-content\/uploads\/2025\/02\/Rectangle-28-3.jpg\" class=\"attachment-full size-full wp-image-4546\" alt=\"\" srcset=\"https:\/\/thebluestay.com\/wp-content\/uploads\/2025\/02\/Rectangle-28-3.jpg 1608w, https:\/\/thebluestay.com\/wp-content\/uploads\/2025\/02\/Rectangle-28-3-300x196.jpg 300w, https:\/\/thebluestay.com\/wp-content\/uploads\/2025\/02\/Rectangle-28-3-1024x670.jpg 1024w, https:\/\/thebluestay.com\/wp-content\/uploads\/2025\/02\/Rectangle-28-3-768x502.jpg 768w, https:\/\/thebluestay.com\/wp-content\/uploads\/2025\/02\/Rectangle-28-3-1536x1005.jpg 1536w\" sizes=\"(max-width: 1608px) 100vw, 1608px\" \/><\/div>\n\t\t<\/a>\n\t\t\t\t<div class=\"elementor-post__text\">\n\t\t\t\t<h5 class=\"elementor-post__title\">\n\t\t\t<a href=\"https:\/\/thebluestay.com\/fr\/quel-service-de-conciergerie-choisir-pour-votre-residence-de-luxe\/\" >\n\t\t\t\tQuel service de conciergerie choisir pour votre r\u00e9sidence de luxe ?\t\t\t<\/a>\n\t\t<\/h5>\n\t\t\t\t<div class=\"elementor-post__excerpt\">\n\t\t\t<p>Lorsqu&rsquo;il s&rsquo;agit de g\u00e9rer une r\u00e9sidence de luxe, la diff\u00e9rence entre le bon et l&rsquo;exceptionnel r\u00e9side souvent dans les d\u00e9tails\t\t<\/div>\n\t\t\n\t\t<a class=\"elementor-post__read-more\" href=\"https:\/\/thebluestay.com\/fr\/quel-service-de-conciergerie-choisir-pour-votre-residence-de-luxe\/\" aria-label=\"En savoir plus sur Quel service de conciergerie choisir pour votre r\u00e9sidence de luxe ?\" tabindex=\"-1\" >\n\t\t\tLire plus \u00bb\t\t<\/a>\n\n\t\t\t\t<\/div>\n\t\t\t\t<\/article>\n\t\t\t\t<article class=\"elementor-post elementor-grid-item post-7216 post type-post status-publish format-standard has-post-thumbnail hentry category-guide-fr\" role=\"listitem\">\n\t\t\t\t<a class=\"elementor-post__thumbnail__link\" href=\"https:\/\/thebluestay.com\/fr\/ou-loger-a-paris-avec-des-enfants\/\" tabindex=\"-1\" >\n\t\t\t<div class=\"elementor-post__thumbnail\"><img decoding=\"async\" width=\"1604\" height=\"1052\" src=\"https:\/\/thebluestay.com\/wp-content\/uploads\/2025\/02\/Rectangle-28-2-1.jpg\" class=\"attachment-full size-full wp-image-4544\" alt=\"\" srcset=\"https:\/\/thebluestay.com\/wp-content\/uploads\/2025\/02\/Rectangle-28-2-1.jpg 1604w, https:\/\/thebluestay.com\/wp-content\/uploads\/2025\/02\/Rectangle-28-2-1-300x197.jpg 300w, https:\/\/thebluestay.com\/wp-content\/uploads\/2025\/02\/Rectangle-28-2-1-1024x672.jpg 1024w, https:\/\/thebluestay.com\/wp-content\/uploads\/2025\/02\/Rectangle-28-2-1-768x504.jpg 768w, https:\/\/thebluestay.com\/wp-content\/uploads\/2025\/02\/Rectangle-28-2-1-1536x1007.jpg 1536w\" sizes=\"(max-width: 1604px) 100vw, 1604px\" \/><\/div>\n\t\t<\/a>\n\t\t\t\t<div class=\"elementor-post__text\">\n\t\t\t\t<h5 class=\"elementor-post__title\">\n\t\t\t<a href=\"https:\/\/thebluestay.com\/fr\/ou-loger-a-paris-avec-des-enfants\/\" >\n\t\t\t\tO\u00f9 loger \u00e0 Paris avec des enfants ?\t\t\t<\/a>\n\t\t<\/h5>\n\t\t\t\t<div class=\"elementor-post__excerpt\">\n\t\t\t<p>Paris avec des enfants peut \u00eatre magique &#8211; si vous choisissez le bon endroit pour s\u00e9journer. La Ville Lumi\u00e8re propose\t\t<\/div>\n\t\t\n\t\t<a class=\"elementor-post__read-more\" href=\"https:\/\/thebluestay.com\/fr\/ou-loger-a-paris-avec-des-enfants\/\" aria-label=\"En savoir plus sur O\u00f9 loger \u00e0 Paris avec des enfants ?\" tabindex=\"-1\" >\n\t\t\tLire plus \u00bb\t\t<\/a>\n\n\t\t\t\t<\/div>\n\t\t\t\t<\/article>\n\t\t\t\t<article class=\"elementor-post elementor-grid-item post-7209 post type-post status-publish format-standard has-post-thumbnail hentry category-guide-fr\" role=\"listitem\">\n\t\t\t\t<a class=\"elementor-post__thumbnail__link\" href=\"https:\/\/thebluestay.com\/fr\/que-faire-a-paris-pour-le-week-end-de-paques\/\" tabindex=\"-1\" >\n\t\t\t<div class=\"elementor-post__thumbnail\"><img decoding=\"async\" width=\"1604\" height=\"1052\" src=\"https:\/\/thebluestay.com\/wp-content\/uploads\/2025\/02\/Rectangle-28-1-1.jpg\" class=\"attachment-full size-full wp-image-4542\" alt=\"\" srcset=\"https:\/\/thebluestay.com\/wp-content\/uploads\/2025\/02\/Rectangle-28-1-1.jpg 1604w, https:\/\/thebluestay.com\/wp-content\/uploads\/2025\/02\/Rectangle-28-1-1-300x197.jpg 300w, https:\/\/thebluestay.com\/wp-content\/uploads\/2025\/02\/Rectangle-28-1-1-1024x672.jpg 1024w, https:\/\/thebluestay.com\/wp-content\/uploads\/2025\/02\/Rectangle-28-1-1-768x504.jpg 768w, https:\/\/thebluestay.com\/wp-content\/uploads\/2025\/02\/Rectangle-28-1-1-1536x1007.jpg 1536w\" sizes=\"(max-width: 1604px) 100vw, 1604px\" \/><\/div>\n\t\t<\/a>\n\t\t\t\t<div class=\"elementor-post__text\">\n\t\t\t\t<h5 class=\"elementor-post__title\">\n\t\t\t<a href=\"https:\/\/thebluestay.com\/fr\/que-faire-a-paris-pour-le-week-end-de-paques\/\" >\n\t\t\t\tQue faire \u00e0 Paris pour le week-end de P\u00e2ques ?\t\t\t<\/a>\n\t\t<\/h5>\n\t\t\t\t<div class=\"elementor-post__excerpt\">\n\t\t\t<p>Le printemps est en pleine floraison et Paris bourdonne de charme, de chocolat et de culture. Que vous vous promeniez\t\t<\/div>\n\t\t\n\t\t<a class=\"elementor-post__read-more\" href=\"https:\/\/thebluestay.com\/fr\/que-faire-a-paris-pour-le-week-end-de-paques\/\" aria-label=\"En savoir plus sur Que faire \u00e0 Paris pour le week-end de P\u00e2ques ?\" tabindex=\"-1\" >\n\t\t\tLire plus \u00bb\t\t<\/a>\n\n\t\t\t\t<\/div>\n\t\t\t\t<\/article>\n\t\t\t\t<\/div>\n\t\t\t\t\t<span class=\"e-load-more-spinner\">\n\t\t\t\t<svg aria-hidden=\"true\" class=\"e-font-icon-svg e-fas-spinner\" viewBox=\"0 0 512 512\" xmlns=\"http:\/\/www.w3.org\/2000\/svg\"><path d=\"M304 48c0 26.51-21.49 48-48 48s-48-21.49-48-48 21.49-48 48-48 48 21.49 48 48zm-48 368c-26.51 0-48 21.49-48 48s21.49 48 48 48 48-21.49 48-48-21.49-48-48-48zm208-208c-26.51 0-48 21.49-48 48s21.49 48 48 48 48-21.49 48-48-21.49-48-48-48zM96 256c0-26.51-21.49-48-48-48S0 229.49 0 256s21.49 48 48 48 48-21.49 48-48zm12.922 99.078c-26.51 0-48 21.49-48 48s21.49 48 48 48 48-21.49 48-48c0-26.509-21.491-48-48-48zm294.156 0c-26.51 0-48 21.49-48 48s21.49 48 48 48 48-21.49 48-48c0-26.509-21.49-48-48-48zM108.922 60.922c-26.51 0-48 21.49-48 48s21.49 48 48 48 48-21.49 48-48-21.491-48-48-48z\"><\/path><\/svg>\t\t\t<\/span>\n\t\t\n\t\t\t\t<div class=\"e-load-more-anchor\" data-page=\"1\" data-max-page=\"7\" data-next-page=\"https:\/\/thebluestay.com\/fr\/wp-json\/wp\/v2\/pages\/7268\/page\/2\/\"><\/div>\n\t\t\t\t<div class=\"elementor-button-wrapper\">\n\t\t\t<a class=\"elementor-button elementor-size-sm\" role=\"button\">\n\t\t\t\t\t\t<span class=\"elementor-button-content-wrapper\">\n\t\t\t\t\t\t\t\t\t<span class=\"elementor-button-text\">Voir plus d'articles<\/span>\n\t\t\t\t\t<\/span>\n\t\t\t\t\t<\/a>\n\t\t<\/div>\n\t\t\t\t<div class=\"e-load-more-message\"><\/div>\n\t\t\t\t\t\t<\/div>\n\t\t\t\t<\/div>\n\t\t\t\t\t<\/div>\n\t\t\t\t<\/div>\n\t\t<div class=\"elementor-element elementor-element-b431f60 e-flex e-con-boxed e-con e-parent\" data-id=\"b431f60\" data-element_type=\"container\" data-e-type=\"container\" data-settings=\"{&quot;background_background&quot;:&quot;classic&quot;}\">\n\t\t\t\t\t<div class=\"e-con-inner\">\n\t\t\t\t<div class=\"elementor-element elementor-element-af55be9 elementor-widget elementor-widget-heading\" data-id=\"af55be9\" data-element_type=\"widget\" data-e-type=\"widget\" data-widget_type=\"heading.default\">\n\t\t\t\t<div class=\"elementor-widget-container\">\n\t\t\t\t\t<h2 class=\"elementor-heading-title elementor-size-default\">Am\u00e9liorez votre exp\u00e9rience de voyage<\/h2>\t\t\t\t<\/div>\n\t\t\t\t<\/div>\n\t\t\t\t<div class=\"elementor-element elementor-element-ebba1be elementor-align-center elementor-widget elementor-widget-button\" data-id=\"ebba1be\" data-element_type=\"widget\" data-e-type=\"widget\" data-widget_type=\"button.default\">\n\t\t\t\t<div class=\"elementor-widget-container\">\n\t\t\t\t\t\t\t\t\t<div class=\"elementor-button-wrapper\">\n\t\t\t\t\t<a class=\"elementor-button elementor-button-link elementor-size-sm\" href=\"https:\/\/thebluestay.com\/fr\/nos-appartements\/\">\n\t\t\t\t\t\t<span class=\"elementor-button-content-wrapper\">\n\t\t\t\t\t\t\t\t\t<span class=\"elementor-button-text\">Voir nos appartements<\/span>\n\t\t\t\t\t<\/span>\n\t\t\t\t\t<\/a>\n\t\t\t\t<\/div>\n\t\t\t\t\t\t\t\t<\/div>\n\t\t\t\t<\/div>\n\t\t\t\t\t<\/div>\n\t\t\t\t<\/div>\n\t\t\t\t<\/div>\n\t\t","protected":false},"excerpt":{"rendered":"<p>Blog D\u00e9couvrez nos guides et conseils Nos derniers articles Am\u00e9liorez votre exp\u00e9rience de voyage Voir nos appartements<\/p>\n","protected":false},"author":3,"featured_media":0,"parent":0,"menu_order":0,"comment_status":"closed","ping_status":"closed","template":"","meta":{"_acf_changed":false,"footnotes":""},"class_list":["post-7268","page","type-page","status-publish","hentry"],"acf":[],"yoast_head":"<!-- This site is optimized with the Yoast SEO plugin v27.4 - https:\/\/yoast.com\/product\/yoast-seo-wordpress\/ -->\n<title>Blog - Thebluestay<\/title>\n<meta name=\"robots\" content=\"index, follow, max-snippet:-1, max-image-preview:large, max-video-preview:-1\" \/>\n<link rel=\"canonical\" href=\"https:\/\/thebluestay.com\/fr\/blog\/\" \/>\n<meta property=\"og:locale\" content=\"fr_FR\" \/>\n<meta property=\"og:type\" content=\"article\" \/>\n<meta property=\"og:title\" content=\"Blog - Thebluestay\" \/>\n<meta property=\"og:description\" content=\"Blog D\u00e9couvrez nos guides et conseils Nos derniers articles Am\u00e9liorez votre exp\u00e9rience de voyage Voir nos appartements\" \/>\n<meta property=\"og:url\" content=\"https:\/\/thebluestay.com\/fr\/blog\/\" \/>\n<meta property=\"og:site_name\" content=\"Thebluestay\" \/>\n<meta property=\"article:modified_time\" content=\"2025-06-16T15:02:34+00:00\" \/>\n<meta name=\"twitter:card\" content=\"summary_large_image\" \/>\n<script type=\"application\/ld+json\" class=\"yoast-schema-graph\">{\"@context\":\"https:\\\/\\\/schema.org\",\"@graph\":[{\"@type\":\"WebPage\",\"@id\":\"https:\\\/\\\/thebluestay.com\\\/fr\\\/blog\\\/\",\"url\":\"https:\\\/\\\/thebluestay.com\\\/fr\\\/blog\\\/\",\"name\":\"Blog - Thebluestay\",\"isPartOf\":{\"@id\":\"https:\\\/\\\/thebluestay.com\\\/fr\\\/#website\"},\"datePublished\":\"2025-02-20T05:27:56+00:00\",\"dateModified\":\"2025-06-16T15:02:34+00:00\",\"breadcrumb\":{\"@id\":\"https:\\\/\\\/thebluestay.com\\\/fr\\\/blog\\\/#breadcrumb\"},\"inLanguage\":\"fr-FR\",\"potentialAction\":[{\"@type\":\"ReadAction\",\"target\":[\"https:\\\/\\\/thebluestay.com\\\/fr\\\/blog\\\/\"]}]},{\"@type\":\"BreadcrumbList\",\"@id\":\"https:\\\/\\\/thebluestay.com\\\/fr\\\/blog\\\/#breadcrumb\",\"itemListElement\":[{\"@type\":\"ListItem\",\"position\":1,\"name\":\"Accueil\",\"item\":\"https:\\\/\\\/thebluestay.com\\\/fr\\\/\"},{\"@type\":\"ListItem\",\"position\":2,\"name\":\"Blog\"}]},{\"@type\":\"WebSite\",\"@id\":\"https:\\\/\\\/thebluestay.com\\\/fr\\\/#website\",\"url\":\"https:\\\/\\\/thebluestay.com\\\/fr\\\/\",\"name\":\"Thebluestay\",\"description\":\"\",\"publisher\":{\"@id\":\"https:\\\/\\\/thebluestay.com\\\/fr\\\/#organization\"},\"potentialAction\":[{\"@type\":\"SearchAction\",\"target\":{\"@type\":\"EntryPoint\",\"urlTemplate\":\"https:\\\/\\\/thebluestay.com\\\/fr\\\/?s={search_term_string}\"},\"query-input\":{\"@type\":\"PropertyValueSpecification\",\"valueRequired\":true,\"valueName\":\"search_term_string\"}}],\"inLanguage\":\"fr-FR\"},{\"@type\":\"Organization\",\"@id\":\"https:\\\/\\\/thebluestay.com\\\/fr\\\/#organization\",\"name\":\"Thebluestay\",\"url\":\"https:\\\/\\\/thebluestay.com\\\/fr\\\/\",\"logo\":{\"@type\":\"ImageObject\",\"inLanguage\":\"fr-FR\",\"@id\":\"https:\\\/\\\/thebluestay.com\\\/fr\\\/#\\\/schema\\\/logo\\\/image\\\/\",\"url\":\"https:\\\/\\\/thebluestay.com\\\/wp-content\\\/uploads\\\/2024\\\/06\\\/image-1.png\",\"contentUrl\":\"https:\\\/\\\/thebluestay.com\\\/wp-content\\\/uploads\\\/2024\\\/06\\\/image-1.png\",\"width\":340,\"height\":342,\"caption\":\"Thebluestay\"},\"image\":{\"@id\":\"https:\\\/\\\/thebluestay.com\\\/fr\\\/#\\\/schema\\\/logo\\\/image\\\/\"}}]}<\/script>\n<!-- \/ Yoast SEO plugin. -->","yoast_head_json":{"title":"Blog - Thebluestay","robots":{"index":"index","follow":"follow","max-snippet":"max-snippet:-1","max-image-preview":"max-image-preview:large","max-video-preview":"max-video-preview:-1"},"canonical":"https:\/\/thebluestay.com\/fr\/blog\/","og_locale":"fr_FR","og_type":"article","og_title":"Blog - Thebluestay","og_description":"Blog D\u00e9couvrez nos guides et conseils Nos derniers articles Am\u00e9liorez votre exp\u00e9rience de voyage Voir nos appartements","og_url":"https:\/\/thebluestay.com\/fr\/blog\/","og_site_name":"Thebluestay","article_modified_time":"2025-06-16T15:02:34+00:00","twitter_card":"summary_large_image","schema":{"@context":"https:\/\/schema.org","@graph":[{"@type":"WebPage","@id":"https:\/\/thebluestay.com\/fr\/blog\/","url":"https:\/\/thebluestay.com\/fr\/blog\/","name":"Blog - Thebluestay","isPartOf":{"@id":"https:\/\/thebluestay.com\/fr\/#website"},"datePublished":"2025-02-20T05:27:56+00:00","dateModified":"2025-06-16T15:02:34+00:00","breadcrumb":{"@id":"https:\/\/thebluestay.com\/fr\/blog\/#breadcrumb"},"inLanguage":"fr-FR","potentialAction":[{"@type":"ReadAction","target":["https:\/\/thebluestay.com\/fr\/blog\/"]}]},{"@type":"BreadcrumbList","@id":"https:\/\/thebluestay.com\/fr\/blog\/#breadcrumb","itemListElement":[{"@type":"ListItem","position":1,"name":"Accueil","item":"https:\/\/thebluestay.com\/fr\/"},{"@type":"ListItem","position":2,"name":"Blog"}]},{"@type":"WebSite","@id":"https:\/\/thebluestay.com\/fr\/#website","url":"https:\/\/thebluestay.com\/fr\/","name":"Thebluestay","description":"","publisher":{"@id":"https:\/\/thebluestay.com\/fr\/#organization"},"potentialAction":[{"@type":"SearchAction","target":{"@type":"EntryPoint","urlTemplate":"https:\/\/thebluestay.com\/fr\/?s={search_term_string}"},"query-input":{"@type":"PropertyValueSpecification","valueRequired":true,"valueName":"search_term_string"}}],"inLanguage":"fr-FR"},{"@type":"Organization","@id":"https:\/\/thebluestay.com\/fr\/#organization","name":"Thebluestay","url":"https:\/\/thebluestay.com\/fr\/","logo":{"@type":"ImageObject","inLanguage":"fr-FR","@id":"https:\/\/thebluestay.com\/fr\/#\/schema\/logo\/image\/","url":"https:\/\/thebluestay.com\/wp-content\/uploads\/2024\/06\/image-1.png","contentUrl":"https:\/\/thebluestay.com\/wp-content\/uploads\/2024\/06\/image-1.png","width":340,"height":342,"caption":"Thebluestay"},"image":{"@id":"https:\/\/thebluestay.com\/fr\/#\/schema\/logo\/image\/"}}]}},"_links":{"self":[{"href":"https:\/\/thebluestay.com\/fr\/wp-json\/wp\/v2\/pages\/7268","targetHints":{"allow":["GET"]}}],"collection":[{"href":"https:\/\/thebluestay.com\/fr\/wp-json\/wp\/v2\/pages"}],"about":[{"href":"https:\/\/thebluestay.com\/fr\/wp-json\/wp\/v2\/types\/page"}],"author":[{"embeddable":true,"href":"https:\/\/thebluestay.com\/fr\/wp-json\/wp\/v2\/users\/3"}],"replies":[{"embeddable":true,"href":"https:\/\/thebluestay.com\/fr\/wp-json\/wp\/v2\/comments?post=7268"}],"version-history":[{"count":4,"href":"https:\/\/thebluestay.com\/fr\/wp-json\/wp\/v2\/pages\/7268\/revisions"}],"predecessor-version":[{"id":7543,"href":"https:\/\/thebluestay.com\/fr\/wp-json\/wp\/v2\/pages\/7268\/revisions\/7543"}],"wp:attachment":[{"href":"https:\/\/thebluestay.com\/fr\/wp-json\/wp\/v2\/media?parent=7268"}],"curies":[{"name":"wp","href":"https:\/\/api.w.org\/{rel}","templated":true}]}}