{"id":7229,"date":"2025-06-03T10:16:19","date_gmt":"2025-06-03T08:16:19","guid":{"rendered":"https:\/\/thebluestay.com\/formulaire-iconique\/"},"modified":"2025-06-10T13:10:47","modified_gmt":"2025-06-10T11:10:47","slug":"formulaire-iconique","status":"publish","type":"page","link":"https:\/\/thebluestay.com\/fr\/formulaire-iconique\/","title":{"rendered":"Formulaire iconique"},"content":{"rendered":"\t\t<div data-elementor-type=\"wp-page\" data-elementor-id=\"7229\" class=\"elementor elementor-7229 elementor-6728\" data-elementor-post-type=\"page\">\n\t\t\t\t<div class=\"elementor-element elementor-element-b35e0ba e-flex e-con-boxed e-con e-parent\" data-id=\"b35e0ba\" data-element_type=\"container\" data-e-type=\"container\" data-settings=\"{&quot;background_background&quot;:&quot;classic&quot;}\">\n\t\t\t\t\t<div class=\"e-con-inner\">\n\t\t<div class=\"elementor-element elementor-element-62abb5a e-con-full e-flex e-con e-child\" data-id=\"62abb5a\" data-element_type=\"container\" data-e-type=\"container\">\n\t\t<div class=\"elementor-element elementor-element-fabfc25 e-con-full e-flex e-con e-child\" data-id=\"fabfc25\" data-element_type=\"container\" data-e-type=\"container\">\n\t\t\t\t<div class=\"elementor-element elementor-element-fcb5d0c elementor-widget elementor-widget-heading\" data-id=\"fcb5d0c\" data-element_type=\"widget\" data-e-type=\"widget\" data-widget_type=\"heading.default\">\n\t\t\t\t<div class=\"elementor-widget-container\">\n\t\t\t\t\t<h1 class=\"elementor-heading-title elementor-size-default\">Booking form on request<\/h1>\t\t\t\t<\/div>\n\t\t\t\t<\/div>\n\t\t\t\t<\/div>\n\t\t\t\t<\/div>\n\t\t\t\t\t<\/div>\n\t\t\t\t<\/div>\n\t\t<div class=\"elementor-element elementor-element-39392e6 e-flex e-con-boxed e-con e-parent\" data-id=\"39392e6\" data-element_type=\"container\" data-e-type=\"container\">\n\t\t\t\t\t<div class=\"e-con-inner\">\n\t\t<div class=\"elementor-element elementor-element-340b252 e-con-full e-flex e-con e-child\" data-id=\"340b252\" data-element_type=\"container\" data-e-type=\"container\">\n\t\t<div class=\"elementor-element elementor-element-e694c37 e-con-full e-flex e-con e-child\" data-id=\"e694c37\" data-element_type=\"container\" data-e-type=\"container\">\n\t\t\t\t<div class=\"elementor-element elementor-element-0f51fa9 elementor-widget elementor-widget-heading\" data-id=\"0f51fa9\" data-element_type=\"widget\" data-e-type=\"widget\" data-widget_type=\"heading.default\">\n\t\t\t\t<div class=\"elementor-widget-container\">\n\t\t\t\t\t<p class=\"elementor-heading-title elementor-size-default\">Fill in the form<\/p>\t\t\t\t<\/div>\n\t\t\t\t<\/div>\n\t\t\t\t<div class=\"elementor-element elementor-element-49f72de elementor-widget-divider--view-line elementor-widget elementor-widget-divider\" data-id=\"49f72de\" data-element_type=\"widget\" data-e-type=\"widget\" data-widget_type=\"divider.default\">\n\t\t\t\t<div class=\"elementor-widget-container\">\n\t\t\t\t\t\t\t<div class=\"elementor-divider\">\n\t\t\t<span class=\"elementor-divider-separator\">\n\t\t\t\t\t\t<\/span>\n\t\t<\/div>\n\t\t\t\t\t\t<\/div>\n\t\t\t\t<\/div>\n\t\t\t\t<\/div>\n\t\t<div class=\"elementor-element elementor-element-aa18c77 e-con-full e-flex e-con e-child\" data-id=\"aa18c77\" data-element_type=\"container\" data-e-type=\"container\">\n\t\t\t\t<div class=\"elementor-element elementor-element-4a8cbb0 elementor-widget elementor-widget-text-editor\" data-id=\"4a8cbb0\" data-element_type=\"widget\" data-e-type=\"widget\" data-widget_type=\"text-editor.default\">\n\t\t\t\t<div class=\"elementor-widget-container\">\n\t\t\t\t\t\t\t\t\t<p>Once you have submitted the form, a member of our team will contact you shortly to discuss your chosen property.<\/p>\t\t\t\t\t\t\t\t<\/div>\n\t\t\t\t<\/div>\n\t\t\t\t<\/div>\n\t\t\t\t<\/div>\n\t\t\t\t<div class=\"elementor-element elementor-element-7c7f58c elementor-button-align-stretch elementor-widget elementor-widget-form\" data-id=\"7c7f58c\" data-element_type=\"widget\" data-e-type=\"widget\" data-settings=\"{&quot;step_next_label&quot;:&quot;Next&quot;,&quot;step_previous_label&quot;:&quot;Previous&quot;,&quot;button_width&quot;:&quot;100&quot;,&quot;step_type&quot;:&quot;number_text&quot;,&quot;step_icon_shape&quot;:&quot;circle&quot;}\" data-widget_type=\"form.default\">\n\t\t\t\t<div class=\"elementor-widget-container\">\n\t\t\t\t\t\t\t<form class=\"elementor-form\" method=\"post\" name=\"Formulaire experience\" aria-label=\"Formulaire experience\">\n\t\t\t<input type=\"hidden\" name=\"post_id\" value=\"7229\"\/>\n\t\t\t<input type=\"hidden\" name=\"form_id\" value=\"7c7f58c\"\/>\n\t\t\t<input type=\"hidden\" name=\"referer_title\" value=\"Formulaire iconique - Thebluestay\" \/>\n\n\t\t\t\t\t\t\t<input type=\"hidden\" name=\"queried_id\" value=\"7229\"\/>\n\t\t\t\n\t\t\t<div class=\"elementor-form-fields-wrapper elementor-labels-above\">\n\t\t\t\t\t\t\t\t<div class=\"elementor-field-type-select elementor-field-group elementor-column elementor-field-group-field_1e15376 elementor-col-100 elementor-field-required elementor-mark-required\">\n\t\t\t\t\t\t\t\t\t\t\t\t<label for=\"form-field-field_1e15376\" class=\"elementor-field-label\">\n\t\t\t\t\t\t\t\tSelected iconic property\t\t\t\t\t\t\t<\/label>\n\t\t\t\t\t\t\t\t<div class=\"elementor-field elementor-select-wrapper remove-before \">\n\t\t\t<div class=\"select-caret-down-wrapper\">\n\t\t\t\t<svg aria-hidden=\"true\" class=\"e-font-icon-svg e-eicon-caret-down\" viewBox=\"0 0 571.4 571.4\" xmlns=\"http:\/\/www.w3.org\/2000\/svg\"><path d=\"M571 393Q571 407 561 418L311 668Q300 679 286 679T261 668L11 418Q0 407 0 393T11 368 36 357H536Q550 357 561 368T571 393Z\"><\/path><\/svg>\t\t\t<\/div>\n\t\t\t<select name=\"form_fields[field_1e15376]\" id=\"form-field-field_1e15376\" class=\"elementor-field-textual elementor-size-sm\" required=\"required\">\n\t\t\t\t\t\t\t\t\t<option value=\"Bon marche\">Bon marche<\/option>\n\t\t\t\t\t\t\t\t\t<option value=\"Villa the palm\">Villa the palm<\/option>\n\t\t\t\t\t\t\t\t\t<option value=\"The West\">The West<\/option>\n\t\t\t\t\t\t\t\t\t<option value=\"House el sol\">House el sol<\/option>\n\t\t\t\t\t\t\t\t\t<option value=\"House hanna\">House hanna<\/option>\n\t\t\t\t\t\t\t\t\t<option value=\"\"><\/option>\n\t\t\t\t\t\t\t<\/select>\n\t\t<\/div>\n\t\t\t\t\t\t<\/div>\n\t\t\t\t\t\t\t\t<div class=\"elementor-field-type-date elementor-field-group elementor-column elementor-field-group-field_646100f elementor-col-50 elementor-field-required elementor-mark-required\">\n\t\t\t\t\t\t\t\t\t\t\t\t<label for=\"form-field-field_646100f\" class=\"elementor-field-label\">\n\t\t\t\t\t\t\t\tDates of stay\t\t\t\t\t\t\t<\/label>\n\t\t\t\t\t\t\n\t\t<input type=\"date\" name=\"form_fields[field_646100f]\" id=\"form-field-field_646100f\" class=\"elementor-field elementor-size-sm  elementor-field-textual elementor-date-field\" placeholder=\"Dates of stay\" required=\"required\" pattern=\"[0-9]{4}-[0-9]{2}-[0-9]{2}\">\n\t\t\t\t\t\t<\/div>\n\t\t\t\t\t\t\t\t<div class=\"elementor-field-type-text elementor-field-group elementor-column elementor-field-group-field_d41ef16 elementor-col-50 elementor-field-required elementor-mark-required\">\n\t\t\t\t\t\t\t\t\t\t\t\t<label for=\"form-field-field_d41ef16\" class=\"elementor-field-label\">\n\t\t\t\t\t\t\t\tNumber of guests\t\t\t\t\t\t\t<\/label>\n\t\t\t\t\t\t\t\t\t\t\t\t\t\t<input size=\"1\" type=\"text\" name=\"form_fields[field_d41ef16]\" id=\"form-field-field_d41ef16\" class=\"elementor-field elementor-size-sm  elementor-field-textual\" placeholder=\"Number\" required=\"required\">\n\t\t\t\t\t\t\t\t\t\t\t<\/div>\n\t\t\t\t\t\t\t\t<div class=\"elementor-field-type-text elementor-field-group elementor-column elementor-field-group-name elementor-col-50 elementor-field-required elementor-mark-required\">\n\t\t\t\t\t\t\t\t\t\t\t\t<label for=\"form-field-name\" class=\"elementor-field-label\">\n\t\t\t\t\t\t\t\tFirst name\t\t\t\t\t\t\t<\/label>\n\t\t\t\t\t\t\t\t\t\t\t\t\t\t<input size=\"1\" type=\"text\" name=\"form_fields[name]\" id=\"form-field-name\" class=\"elementor-field elementor-size-sm  elementor-field-textual\" placeholder=\"First name\" required=\"required\">\n\t\t\t\t\t\t\t\t\t\t\t<\/div>\n\t\t\t\t\t\t\t\t<div class=\"elementor-field-type-text elementor-field-group elementor-column elementor-field-group-field_06f7935 elementor-col-50 elementor-field-required elementor-mark-required\">\n\t\t\t\t\t\t\t\t\t\t\t\t<label for=\"form-field-field_06f7935\" class=\"elementor-field-label\">\n\t\t\t\t\t\t\t\tLast name\t\t\t\t\t\t\t<\/label>\n\t\t\t\t\t\t\t\t\t\t\t\t\t\t<input size=\"1\" type=\"text\" name=\"form_fields[field_06f7935]\" id=\"form-field-field_06f7935\" class=\"elementor-field elementor-size-sm  elementor-field-textual\" placeholder=\"Last name\" required=\"required\">\n\t\t\t\t\t\t\t\t\t\t\t<\/div>\n\t\t\t\t\t\t\t\t<div class=\"elementor-field-type-email elementor-field-group elementor-column elementor-field-group-email elementor-col-50 elementor-field-required elementor-mark-required\">\n\t\t\t\t\t\t\t\t\t\t\t\t<label for=\"form-field-email\" class=\"elementor-field-label\">\n\t\t\t\t\t\t\t\tEmail\t\t\t\t\t\t\t<\/label>\n\t\t\t\t\t\t\t\t\t\t\t\t\t\t<input size=\"1\" type=\"email\" name=\"form_fields[email]\" id=\"form-field-email\" class=\"elementor-field elementor-size-sm  elementor-field-textual\" placeholder=\"Email\" required=\"required\">\n\t\t\t\t\t\t\t\t\t\t\t<\/div>\n\t\t\t\t\t\t\t\t<div class=\"elementor-field-type-tel elementor-field-group elementor-column elementor-field-group-field_2032eb2 elementor-col-50 elementor-field-required elementor-mark-required\">\n\t\t\t\t\t\t\t\t\t\t\t\t<label for=\"form-field-field_2032eb2\" class=\"elementor-field-label\">\n\t\t\t\t\t\t\t\tPhone\t\t\t\t\t\t\t<\/label>\n\t\t\t\t\t\t\t\t<input size=\"1\" type=\"tel\" name=\"form_fields[field_2032eb2]\" id=\"form-field-field_2032eb2\" class=\"elementor-field elementor-size-sm  elementor-field-textual\" placeholder=\"Phone\" required=\"required\" pattern=\"[0-9()#&amp;+*-=.]+\" title=\"Seuls les caract\u00e8res de num\u00e9ros de t\u00e9l\u00e9phone (#, -, *, etc.) sont accept\u00e9s.\">\n\n\t\t\t\t\t\t<\/div>\n\t\t\t\t\t\t\t\t<div class=\"elementor-field-type-textarea elementor-field-group elementor-column elementor-field-group-message elementor-col-100\">\n\t\t\t\t\t\t\t\t\t\t\t\t<label for=\"form-field-message\" class=\"elementor-field-label\">\n\t\t\t\t\t\t\t\tAdditional information\t\t\t\t\t\t\t<\/label>\n\t\t\t\t\t\t<textarea class=\"elementor-field-textual elementor-field  elementor-size-sm\" name=\"form_fields[message]\" id=\"form-field-message\" rows=\"4\" placeholder=\"Message\"><\/textarea>\t\t\t\t<\/div>\n\t\t\t\t\t\t\t\t<div class=\"elementor-field-group elementor-column elementor-field-type-submit elementor-col-100 e-form__buttons\">\n\t\t\t\t\t<button class=\"elementor-button elementor-size-md\" type=\"submit\">\n\t\t\t\t\t\t<span class=\"elementor-button-content-wrapper\">\n\t\t\t\t\t\t\t\t\t\t\t\t\t\t\t\t\t\t\t\t\t\t<span class=\"elementor-button-text\">Send form<\/span>\n\t\t\t\t\t\t\t\t\t\t\t\t\t<\/span>\n\t\t\t\t\t<\/button>\n\t\t\t\t<\/div>\n\t\t\t<\/div>\n\t\t<\/form>\n\t\t\t\t\t\t<\/div>\n\t\t\t\t<\/div>\n\t\t\t\t\t<\/div>\n\t\t\t\t<\/div>\n\t\t\t\t<\/div>\n\t\t","protected":false},"excerpt":{"rendered":"<p>Formulaire de r\u00e9servation sur demande Remplir le formulaire Une fois le formulaire envoy\u00e9, un membre de notre \u00e9quipe vous contactera dans les plus brefs d\u00e9lais pour discuter de la propri\u00e9t\u00e9 choisie.<\/p>\n","protected":false},"author":1,"featured_media":0,"parent":0,"menu_order":0,"comment_status":"closed","ping_status":"closed","template":"elementor_header_footer","meta":{"_acf_changed":false,"footnotes":""},"class_list":["post-7229","page","type-page","status-publish","hentry"],"acf":[],"yoast_head":"<!-- This site is optimized with the Yoast SEO plugin v27.4 - https:\/\/yoast.com\/product\/yoast-seo-wordpress\/ -->\n<title>Formulaire iconique - Thebluestay<\/title>\n<meta name=\"robots\" content=\"index, follow, max-snippet:-1, max-image-preview:large, max-video-preview:-1\" \/>\n<link rel=\"canonical\" href=\"https:\/\/thebluestay.com\/fr\/formulaire-iconique\/\" \/>\n<meta property=\"og:locale\" content=\"fr_FR\" \/>\n<meta property=\"og:type\" content=\"article\" \/>\n<meta property=\"og:title\" content=\"Formulaire iconique - Thebluestay\" \/>\n<meta property=\"og:description\" content=\"Formulaire de r\u00e9servation sur demande Remplir le formulaire Une fois le formulaire envoy\u00e9, un membre de notre \u00e9quipe vous contactera dans les plus brefs d\u00e9lais pour discuter de la propri\u00e9t\u00e9 choisie.\" \/>\n<meta property=\"og:url\" content=\"https:\/\/thebluestay.com\/fr\/formulaire-iconique\/\" \/>\n<meta property=\"og:site_name\" content=\"Thebluestay\" \/>\n<meta property=\"article:modified_time\" content=\"2025-06-10T11:10:47+00:00\" \/>\n<meta name=\"twitter:card\" content=\"summary_large_image\" \/>\n<script type=\"application\/ld+json\" class=\"yoast-schema-graph\">{\"@context\":\"https:\\\/\\\/schema.org\",\"@graph\":[{\"@type\":\"WebPage\",\"@id\":\"https:\\\/\\\/thebluestay.com\\\/fr\\\/formulaire-iconique\\\/\",\"url\":\"https:\\\/\\\/thebluestay.com\\\/fr\\\/formulaire-iconique\\\/\",\"name\":\"Formulaire iconique - Thebluestay\",\"isPartOf\":{\"@id\":\"https:\\\/\\\/thebluestay.com\\\/fr\\\/#website\"},\"datePublished\":\"2025-06-03T08:16:19+00:00\",\"dateModified\":\"2025-06-10T11:10:47+00:00\",\"breadcrumb\":{\"@id\":\"https:\\\/\\\/thebluestay.com\\\/fr\\\/formulaire-iconique\\\/#breadcrumb\"},\"inLanguage\":\"fr-FR\",\"potentialAction\":[{\"@type\":\"ReadAction\",\"target\":[\"https:\\\/\\\/thebluestay.com\\\/fr\\\/formulaire-iconique\\\/\"]}]},{\"@type\":\"BreadcrumbList\",\"@id\":\"https:\\\/\\\/thebluestay.com\\\/fr\\\/formulaire-iconique\\\/#breadcrumb\",\"itemListElement\":[{\"@type\":\"ListItem\",\"position\":1,\"name\":\"Accueil\",\"item\":\"https:\\\/\\\/thebluestay.com\\\/fr\\\/\"},{\"@type\":\"ListItem\",\"position\":2,\"name\":\"Formulaire iconique\"}]},{\"@type\":\"WebSite\",\"@id\":\"https:\\\/\\\/thebluestay.com\\\/fr\\\/#website\",\"url\":\"https:\\\/\\\/thebluestay.com\\\/fr\\\/\",\"name\":\"Thebluestay\",\"description\":\"\",\"publisher\":{\"@id\":\"https:\\\/\\\/thebluestay.com\\\/fr\\\/#organization\"},\"potentialAction\":[{\"@type\":\"SearchAction\",\"target\":{\"@type\":\"EntryPoint\",\"urlTemplate\":\"https:\\\/\\\/thebluestay.com\\\/fr\\\/?s={search_term_string}\"},\"query-input\":{\"@type\":\"PropertyValueSpecification\",\"valueRequired\":true,\"valueName\":\"search_term_string\"}}],\"inLanguage\":\"fr-FR\"},{\"@type\":\"Organization\",\"@id\":\"https:\\\/\\\/thebluestay.com\\\/fr\\\/#organization\",\"name\":\"Thebluestay\",\"url\":\"https:\\\/\\\/thebluestay.com\\\/fr\\\/\",\"logo\":{\"@type\":\"ImageObject\",\"inLanguage\":\"fr-FR\",\"@id\":\"https:\\\/\\\/thebluestay.com\\\/fr\\\/#\\\/schema\\\/logo\\\/image\\\/\",\"url\":\"https:\\\/\\\/thebluestay.com\\\/wp-content\\\/uploads\\\/2024\\\/06\\\/image-1.png\",\"contentUrl\":\"https:\\\/\\\/thebluestay.com\\\/wp-content\\\/uploads\\\/2024\\\/06\\\/image-1.png\",\"width\":340,\"height\":342,\"caption\":\"Thebluestay\"},\"image\":{\"@id\":\"https:\\\/\\\/thebluestay.com\\\/fr\\\/#\\\/schema\\\/logo\\\/image\\\/\"}}]}<\/script>\n<!-- \/ Yoast SEO plugin. -->","yoast_head_json":{"title":"Formulaire iconique - Thebluestay","robots":{"index":"index","follow":"follow","max-snippet":"max-snippet:-1","max-image-preview":"max-image-preview:large","max-video-preview":"max-video-preview:-1"},"canonical":"https:\/\/thebluestay.com\/fr\/formulaire-iconique\/","og_locale":"fr_FR","og_type":"article","og_title":"Formulaire iconique - Thebluestay","og_description":"Formulaire de r\u00e9servation sur demande Remplir le formulaire Une fois le formulaire envoy\u00e9, un membre de notre \u00e9quipe vous contactera dans les plus brefs d\u00e9lais pour discuter de la propri\u00e9t\u00e9 choisie.","og_url":"https:\/\/thebluestay.com\/fr\/formulaire-iconique\/","og_site_name":"Thebluestay","article_modified_time":"2025-06-10T11:10:47+00:00","twitter_card":"summary_large_image","schema":{"@context":"https:\/\/schema.org","@graph":[{"@type":"WebPage","@id":"https:\/\/thebluestay.com\/fr\/formulaire-iconique\/","url":"https:\/\/thebluestay.com\/fr\/formulaire-iconique\/","name":"Formulaire iconique - Thebluestay","isPartOf":{"@id":"https:\/\/thebluestay.com\/fr\/#website"},"datePublished":"2025-06-03T08:16:19+00:00","dateModified":"2025-06-10T11:10:47+00:00","breadcrumb":{"@id":"https:\/\/thebluestay.com\/fr\/formulaire-iconique\/#breadcrumb"},"inLanguage":"fr-FR","potentialAction":[{"@type":"ReadAction","target":["https:\/\/thebluestay.com\/fr\/formulaire-iconique\/"]}]},{"@type":"BreadcrumbList","@id":"https:\/\/thebluestay.com\/fr\/formulaire-iconique\/#breadcrumb","itemListElement":[{"@type":"ListItem","position":1,"name":"Accueil","item":"https:\/\/thebluestay.com\/fr\/"},{"@type":"ListItem","position":2,"name":"Formulaire iconique"}]},{"@type":"WebSite","@id":"https:\/\/thebluestay.com\/fr\/#website","url":"https:\/\/thebluestay.com\/fr\/","name":"Thebluestay","description":"","publisher":{"@id":"https:\/\/thebluestay.com\/fr\/#organization"},"potentialAction":[{"@type":"SearchAction","target":{"@type":"EntryPoint","urlTemplate":"https:\/\/thebluestay.com\/fr\/?s={search_term_string}"},"query-input":{"@type":"PropertyValueSpecification","valueRequired":true,"valueName":"search_term_string"}}],"inLanguage":"fr-FR"},{"@type":"Organization","@id":"https:\/\/thebluestay.com\/fr\/#organization","name":"Thebluestay","url":"https:\/\/thebluestay.com\/fr\/","logo":{"@type":"ImageObject","inLanguage":"fr-FR","@id":"https:\/\/thebluestay.com\/fr\/#\/schema\/logo\/image\/","url":"https:\/\/thebluestay.com\/wp-content\/uploads\/2024\/06\/image-1.png","contentUrl":"https:\/\/thebluestay.com\/wp-content\/uploads\/2024\/06\/image-1.png","width":340,"height":342,"caption":"Thebluestay"},"image":{"@id":"https:\/\/thebluestay.com\/fr\/#\/schema\/logo\/image\/"}}]}},"_links":{"self":[{"href":"https:\/\/thebluestay.com\/fr\/wp-json\/wp\/v2\/pages\/7229","targetHints":{"allow":["GET"]}}],"collection":[{"href":"https:\/\/thebluestay.com\/fr\/wp-json\/wp\/v2\/pages"}],"about":[{"href":"https:\/\/thebluestay.com\/fr\/wp-json\/wp\/v2\/types\/page"}],"author":[{"embeddable":true,"href":"https:\/\/thebluestay.com\/fr\/wp-json\/wp\/v2\/users\/1"}],"replies":[{"embeddable":true,"href":"https:\/\/thebluestay.com\/fr\/wp-json\/wp\/v2\/comments?post=7229"}],"version-history":[{"count":1,"href":"https:\/\/thebluestay.com\/fr\/wp-json\/wp\/v2\/pages\/7229\/revisions"}],"predecessor-version":[{"id":7367,"href":"https:\/\/thebluestay.com\/fr\/wp-json\/wp\/v2\/pages\/7229\/revisions\/7367"}],"wp:attachment":[{"href":"https:\/\/thebluestay.com\/fr\/wp-json\/wp\/v2\/media?parent=7229"}],"curies":[{"name":"wp","href":"https:\/\/api.w.org\/{rel}","templated":true}]}}