{"id":7228,"date":"2025-05-30T15:51:43","date_gmt":"2025-05-30T13:51:43","guid":{"rendered":"https:\/\/thebluestay.com\/formulaire-proprietaire\/"},"modified":"2025-06-10T13:10:48","modified_gmt":"2025-06-10T11:10:48","slug":"formulaire-proprietaire","status":"publish","type":"page","link":"https:\/\/thebluestay.com\/fr\/formulaire-proprietaire\/","title":{"rendered":"Formulaire Propri\u00e9taire"},"content":{"rendered":"\t\t<div data-elementor-type=\"wp-page\" data-elementor-id=\"7228\" class=\"elementor elementor-7228 elementor-6518\" data-elementor-post-type=\"page\">\n\t\t\t\t<div class=\"elementor-element elementor-element-b35e0ba e-flex e-con-boxed e-con e-parent\" data-id=\"b35e0ba\" data-element_type=\"container\" data-e-type=\"container\" data-settings=\"{&quot;background_background&quot;:&quot;classic&quot;}\">\n\t\t\t\t\t<div class=\"e-con-inner\">\n\t\t<div class=\"elementor-element elementor-element-62abb5a e-con-full e-flex e-con e-child\" data-id=\"62abb5a\" data-element_type=\"container\" data-e-type=\"container\">\n\t\t<div class=\"elementor-element elementor-element-fabfc25 e-con-full e-flex e-con e-child\" data-id=\"fabfc25\" data-element_type=\"container\" data-e-type=\"container\">\n\t\t\t\t<div class=\"elementor-element elementor-element-fcb5d0c elementor-widget elementor-widget-heading\" data-id=\"fcb5d0c\" data-element_type=\"widget\" data-e-type=\"widget\" data-widget_type=\"heading.default\">\n\t\t\t\t<div class=\"elementor-widget-container\">\n\t\t\t\t\t<h1 class=\"elementor-heading-title elementor-size-default\">Let us manage your property<\/h1>\t\t\t\t<\/div>\n\t\t\t\t<\/div>\n\t\t\t\t<\/div>\n\t\t\t\t<\/div>\n\t\t\t\t\t<\/div>\n\t\t\t\t<\/div>\n\t\t<div class=\"elementor-element elementor-element-39392e6 e-flex e-con-boxed e-con e-parent\" data-id=\"39392e6\" data-element_type=\"container\" data-e-type=\"container\">\n\t\t\t\t\t<div class=\"e-con-inner\">\n\t\t<div class=\"elementor-element elementor-element-340b252 e-con-full e-flex e-con e-child\" data-id=\"340b252\" data-element_type=\"container\" data-e-type=\"container\">\n\t\t<div class=\"elementor-element elementor-element-e694c37 e-con-full e-flex e-con e-child\" data-id=\"e694c37\" data-element_type=\"container\" data-e-type=\"container\">\n\t\t\t\t<div class=\"elementor-element elementor-element-0f51fa9 elementor-widget elementor-widget-heading\" data-id=\"0f51fa9\" data-element_type=\"widget\" data-e-type=\"widget\" data-widget_type=\"heading.default\">\n\t\t\t\t<div class=\"elementor-widget-container\">\n\t\t\t\t\t<p class=\"elementor-heading-title elementor-size-default\">Fill in the form<\/p>\t\t\t\t<\/div>\n\t\t\t\t<\/div>\n\t\t\t\t<div class=\"elementor-element elementor-element-49f72de elementor-widget-divider--view-line elementor-widget elementor-widget-divider\" data-id=\"49f72de\" data-element_type=\"widget\" data-e-type=\"widget\" data-widget_type=\"divider.default\">\n\t\t\t\t<div class=\"elementor-widget-container\">\n\t\t\t\t\t\t\t<div class=\"elementor-divider\">\n\t\t\t<span class=\"elementor-divider-separator\">\n\t\t\t\t\t\t<\/span>\n\t\t<\/div>\n\t\t\t\t\t\t<\/div>\n\t\t\t\t<\/div>\n\t\t\t\t<\/div>\n\t\t<div class=\"elementor-element elementor-element-aa18c77 e-con-full e-flex e-con e-child\" data-id=\"aa18c77\" data-element_type=\"container\" data-e-type=\"container\">\n\t\t<div class=\"elementor-element elementor-element-05727d8 e-con-full e-flex e-con e-child\" data-id=\"05727d8\" data-element_type=\"container\" data-e-type=\"container\">\n\t\t\t\t<div class=\"elementor-element elementor-element-0ab0f76 elementor-position-inline-start elementor-view-default elementor-mobile-position-block-start elementor-widget elementor-widget-icon-box\" data-id=\"0ab0f76\" data-element_type=\"widget\" data-e-type=\"widget\" data-widget_type=\"icon-box.default\">\n\t\t\t\t<div class=\"elementor-widget-container\">\n\t\t\t\t\t\t\t<div class=\"elementor-icon-box-wrapper\">\n\n\t\t\t\t\t\t<div class=\"elementor-icon-box-icon\">\n\t\t\t\t<a href=\"tel:+33%2007%2082%2077%2077%2059\" class=\"elementor-icon\" tabindex=\"-1\" aria-label=\"+33 07 82 77 77 59\">\n\t\t\t\t<svg xmlns=\"http:\/\/www.w3.org\/2000\/svg\" width=\"20\" height=\"20\" viewBox=\"0 0 20 20\" fill=\"none\"><path d=\"M15.8063 12.3893C15.3968 11.9629 14.903 11.735 14.3795 11.735C13.8603 11.735 13.3622 11.9587 12.9359 12.3851L11.602 13.7147C11.4923 13.6556 11.3825 13.6007 11.277 13.5459C11.125 13.4699 10.9815 13.3981 10.8591 13.3222C9.60966 12.5286 8.47417 11.4944 7.38512 10.1563C6.85747 9.48936 6.5029 8.92795 6.24541 8.3581C6.59154 8.04151 6.91235 7.71226 7.22471 7.39568C7.34291 7.27749 7.4611 7.15507 7.57929 7.03688C8.46573 6.15044 8.46573 5.00229 7.57929 4.11585L6.42692 2.96348C6.29606 2.83263 6.16099 2.69755 6.03435 2.56248C5.78108 2.30077 5.51515 2.03061 5.24078 1.77734C4.83133 1.37211 4.34168 1.15684 3.8267 1.15684C3.31172 1.15684 2.81363 1.37211 2.39151 1.77734L2.38307 1.78579L0.947882 3.23364C0.407577 3.77394 0.0994339 4.43244 0.0318957 5.19647C-0.0694116 6.42904 0.293606 7.57719 0.572201 8.32855C1.25603 10.1732 2.27754 11.8827 3.80137 13.7147C5.65023 15.9224 7.87477 17.6657 10.4159 18.8941C11.3868 19.3542 12.6826 19.8987 14.1305 19.9915C14.2191 19.9958 14.312 20 14.3964 20C15.3715 20 16.1904 19.6496 16.832 18.9532C16.8362 18.9447 16.8447 18.9405 16.8489 18.932C17.0684 18.6661 17.3217 18.4255 17.5876 18.168C17.7691 17.995 17.9548 17.8134 18.1364 17.6235C18.5542 17.1887 18.7737 16.6822 18.7737 16.163C18.7737 15.6396 18.55 15.1372 18.1237 14.7151L15.8063 12.3893ZM17.3175 16.8341C17.3132 16.8384 17.3132 16.8341 17.3175 16.8341C17.1528 17.0114 16.984 17.1718 16.8025 17.3491C16.5281 17.6108 16.2495 17.8852 15.9878 18.1933C15.5615 18.6492 15.0591 18.8645 14.4006 18.8645C14.3373 18.8645 14.2698 18.8645 14.2065 18.8603C12.9528 18.7801 11.7878 18.2904 10.914 17.8725C8.52482 16.7159 6.42692 15.0739 4.68359 12.9929C3.24418 11.258 2.28176 9.65399 1.64437 7.93176C1.2518 6.8807 1.10829 6.0618 1.1716 5.28933C1.21381 4.79546 1.40377 4.38601 1.75412 4.03565L3.19353 2.59624C3.40036 2.40207 3.61986 2.29654 3.83514 2.29654C4.10107 2.29654 4.31635 2.45695 4.45143 2.59202L4.46409 2.60469C4.72158 2.84529 4.96641 3.09434 5.22389 3.36027C5.35475 3.49535 5.48983 3.63042 5.6249 3.76972L6.77727 4.92209C7.22471 5.36953 7.22471 5.7832 6.77727 6.23064C6.65486 6.35306 6.53667 6.47547 6.41426 6.59366C6.05968 6.95668 5.72199 7.29437 5.35475 7.62362C5.34631 7.63206 5.33787 7.63628 5.33364 7.64472C4.97063 8.00774 5.03816 8.36232 5.11414 8.60292L5.12681 8.64091C5.42651 9.36695 5.84862 10.0508 6.49024 10.8655L6.49446 10.8697C7.65949 12.3049 8.88784 13.4235 10.2428 14.2804C10.4159 14.3901 10.5932 14.4787 10.762 14.5632C10.914 14.6391 11.0575 14.7109 11.1799 14.7869C11.1968 14.7953 11.2137 14.808 11.2306 14.8164C11.3741 14.8882 11.5092 14.922 11.6485 14.922C11.9988 14.922 12.2183 14.7025 12.2901 14.6307L13.7337 13.1871C13.8772 13.0436 14.1052 12.8705 14.3711 12.8705C14.6328 12.8705 14.8481 13.0351 14.9789 13.1786L14.9874 13.1871L17.3132 15.5129C17.748 15.9435 17.748 16.3867 17.3175 16.8341ZM10.8085 4.75747C11.9144 4.9432 12.919 5.46662 13.721 6.26863C14.5231 7.07065 15.0423 8.07528 15.2322 9.18122C15.2786 9.45981 15.5192 9.65399 15.7936 9.65399C15.8274 9.65399 15.8569 9.64976 15.8907 9.64554C16.2031 9.59489 16.4099 9.29941 16.3593 8.98705C16.1313 7.64895 15.4981 6.42904 14.5315 5.4624C13.5649 4.49576 12.345 3.86259 11.0069 3.63464C10.6945 3.58399 10.4032 3.79083 10.3484 4.09897C10.2935 4.40711 10.4961 4.70681 10.8085 4.75747ZM19.9768 8.82242C19.6011 6.61899 18.5627 4.61395 16.9671 3.01836C15.3715 1.42277 13.3665 0.384369 11.163 0.00868772C10.8549 -0.0461871 10.5636 0.16487 10.5088 0.473013C10.4581 0.785377 10.6649 1.07664 10.9773 1.13151C12.9444 1.46498 14.7383 2.39785 16.1651 3.82037C17.5918 5.24712 18.5205 7.0411 18.8539 9.00815C18.9004 9.28675 19.141 9.48092 19.4154 9.48092C19.4491 9.48092 19.4787 9.4767 19.5124 9.47248C19.8206 9.42604 20.0316 9.13056 19.9768 8.82242Z\" fill=\"black\"><\/path><\/svg>\t\t\t\t<\/a>\n\t\t\t<\/div>\n\t\t\t\n\t\t\t\t\t\t<div class=\"elementor-icon-box-content\">\n\n\t\t\t\t\t\t\t\t\t<h5 class=\"elementor-icon-box-title\">\n\t\t\t\t\t\t<a href=\"tel:+33%2007%2082%2077%2077%2059\" >\n\t\t\t\t\t\t\t+33 07 82 77 77 59\t\t\t\t\t\t<\/a>\n\t\t\t\t\t<\/h5>\n\t\t\t\t\n\t\t\t\t\n\t\t\t<\/div>\n\t\t\t\n\t\t<\/div>\n\t\t\t\t\t\t<\/div>\n\t\t\t\t<\/div>\n\t\t\t\t<\/div>\n\t\t\t\t<\/div>\n\t\t\t\t<\/div>\n\t\t\t\t<div class=\"elementor-element elementor-element-7c7f58c elementor-button-align-stretch elementor-widget elementor-widget-form\" data-id=\"7c7f58c\" data-element_type=\"widget\" data-e-type=\"widget\" data-settings=\"{&quot;step_next_label&quot;:&quot;Next&quot;,&quot;step_previous_label&quot;:&quot;Previous&quot;,&quot;button_width&quot;:&quot;100&quot;,&quot;step_type&quot;:&quot;number_text&quot;,&quot;step_icon_shape&quot;:&quot;circle&quot;}\" data-widget_type=\"form.default\">\n\t\t\t\t<div class=\"elementor-widget-container\">\n\t\t\t\t\t\t\t<form class=\"elementor-form\" method=\"post\" name=\"Formulaire Propri\u00e9taire\" aria-label=\"Formulaire Propri\u00e9taire\">\n\t\t\t<input type=\"hidden\" name=\"post_id\" value=\"7228\"\/>\n\t\t\t<input type=\"hidden\" name=\"form_id\" value=\"7c7f58c\"\/>\n\t\t\t<input type=\"hidden\" name=\"referer_title\" value=\"Formulaire Propri\u00e9taire - Thebluestay\" \/>\n\n\t\t\t\t\t\t\t<input type=\"hidden\" name=\"queried_id\" value=\"7228\"\/>\n\t\t\t\n\t\t\t<div class=\"elementor-form-fields-wrapper elementor-labels-above\">\n\t\t\t\t\t\t\t\t<div class=\"elementor-field-type-select elementor-field-group elementor-column elementor-field-group-field_6a296f6 elementor-col-100\">\n\t\t\t\t\t\t\t\t\t\t\t\t<label for=\"form-field-field_6a296f6\" class=\"elementor-field-label\">\n\t\t\t\t\t\t\t\tYou want :\t\t\t\t\t\t\t<\/label>\n\t\t\t\t\t\t\t\t<div class=\"elementor-field elementor-select-wrapper remove-before \">\n\t\t\t<div class=\"select-caret-down-wrapper\">\n\t\t\t\t<svg aria-hidden=\"true\" class=\"e-font-icon-svg e-eicon-caret-down\" viewBox=\"0 0 571.4 571.4\" xmlns=\"http:\/\/www.w3.org\/2000\/svg\"><path d=\"M571 393Q571 407 561 418L311 668Q300 679 286 679T261 668L11 418Q0 407 0 393T11 368 36 357H536Q550 357 561 368T571 393Z\"><\/path><\/svg>\t\t\t<\/div>\n\t\t\t<select name=\"form_fields[field_6a296f6]\" id=\"form-field-field_6a296f6\" class=\"elementor-field-textual elementor-size-sm\">\n\t\t\t\t\t\t\t\t\t<option value=\"Short-term management\">Short-term management<\/option>\n\t\t\t\t\t\t\t\t\t<option value=\"Medium-term management\">Medium-term management<\/option>\n\t\t\t\t\t\t\t<\/select>\n\t\t<\/div>\n\t\t\t\t\t\t<\/div>\n\t\t\t\t\t\t\t\t<div class=\"elementor-field-type-text elementor-field-group elementor-column elementor-field-group-name elementor-col-50 elementor-field-required elementor-mark-required\">\n\t\t\t\t\t\t\t\t\t\t\t\t<label for=\"form-field-name\" class=\"elementor-field-label\">\n\t\t\t\t\t\t\t\tLast Name\t\t\t\t\t\t\t<\/label>\n\t\t\t\t\t\t\t\t\t\t\t\t\t\t<input size=\"1\" type=\"text\" name=\"form_fields[name]\" id=\"form-field-name\" class=\"elementor-field elementor-size-sm  elementor-field-textual\" placeholder=\"Last Name\" required=\"required\">\n\t\t\t\t\t\t\t\t\t\t\t<\/div>\n\t\t\t\t\t\t\t\t<div class=\"elementor-field-type-text elementor-field-group elementor-column elementor-field-group-field_06f7935 elementor-col-50 elementor-field-required elementor-mark-required\">\n\t\t\t\t\t\t\t\t\t\t\t\t<label for=\"form-field-field_06f7935\" class=\"elementor-field-label\">\n\t\t\t\t\t\t\t\tFirst name\t\t\t\t\t\t\t<\/label>\n\t\t\t\t\t\t\t\t\t\t\t\t\t\t<input size=\"1\" type=\"text\" name=\"form_fields[field_06f7935]\" id=\"form-field-field_06f7935\" class=\"elementor-field elementor-size-sm  elementor-field-textual\" placeholder=\"First name\" required=\"required\">\n\t\t\t\t\t\t\t\t\t\t\t<\/div>\n\t\t\t\t\t\t\t\t<div class=\"elementor-field-type-email elementor-field-group elementor-column elementor-field-group-email elementor-col-50 elementor-field-required elementor-mark-required\">\n\t\t\t\t\t\t\t\t\t\t\t\t<label for=\"form-field-email\" class=\"elementor-field-label\">\n\t\t\t\t\t\t\t\tEmail\t\t\t\t\t\t\t<\/label>\n\t\t\t\t\t\t\t\t\t\t\t\t\t\t<input size=\"1\" type=\"email\" name=\"form_fields[email]\" id=\"form-field-email\" class=\"elementor-field elementor-size-sm  elementor-field-textual\" placeholder=\"Email\" required=\"required\">\n\t\t\t\t\t\t\t\t\t\t\t<\/div>\n\t\t\t\t\t\t\t\t<div class=\"elementor-field-type-tel elementor-field-group elementor-column elementor-field-group-field_2032eb2 elementor-col-50 elementor-field-required elementor-mark-required\">\n\t\t\t\t\t\t\t\t\t\t\t\t<label for=\"form-field-field_2032eb2\" class=\"elementor-field-label\">\n\t\t\t\t\t\t\t\tPhone\t\t\t\t\t\t\t<\/label>\n\t\t\t\t\t\t\t\t<input size=\"1\" type=\"tel\" name=\"form_fields[field_2032eb2]\" id=\"form-field-field_2032eb2\" class=\"elementor-field elementor-size-sm  elementor-field-textual\" placeholder=\"Phone\" required=\"required\" pattern=\"[0-9()#&amp;+*-=.]+\" title=\"Seuls les caract\u00e8res de num\u00e9ros de t\u00e9l\u00e9phone (#, -, *, etc.) sont accept\u00e9s.\">\n\n\t\t\t\t\t\t<\/div>\n\t\t\t\t\t\t\t\t<div class=\"elementor-field-type-textarea elementor-field-group elementor-column elementor-field-group-message elementor-col-100\">\n\t\t\t\t\t\t\t\t\t\t\t\t<label for=\"form-field-message\" class=\"elementor-field-label\">\n\t\t\t\t\t\t\t\tAdditional information\t\t\t\t\t\t\t<\/label>\n\t\t\t\t\t\t<textarea class=\"elementor-field-textual elementor-field  elementor-size-sm\" name=\"form_fields[message]\" id=\"form-field-message\" rows=\"4\" placeholder=\"Message\"><\/textarea>\t\t\t\t<\/div>\n\t\t\t\t\t\t\t\t<div class=\"elementor-field-group elementor-column elementor-field-type-submit elementor-col-100 e-form__buttons\">\n\t\t\t\t\t<button class=\"elementor-button elementor-size-md\" type=\"submit\">\n\t\t\t\t\t\t<span class=\"elementor-button-content-wrapper\">\n\t\t\t\t\t\t\t\t\t\t\t\t\t\t\t\t\t\t\t\t\t\t<span class=\"elementor-button-text\">Send form<\/span>\n\t\t\t\t\t\t\t\t\t\t\t\t\t<\/span>\n\t\t\t\t\t<\/button>\n\t\t\t\t<\/div>\n\t\t\t<\/div>\n\t\t<\/form>\n\t\t\t\t\t\t<\/div>\n\t\t\t\t<\/div>\n\t\t\t\t\t<\/div>\n\t\t\t\t<\/div>\n\t\t\t\t<\/div>\n\t\t","protected":false},"excerpt":{"rendered":"<p>Confiez-nous la gestion de votre bien Remplir le formulaire +33 07 82 77 77 59<\/p>\n","protected":false},"author":1,"featured_media":0,"parent":0,"menu_order":0,"comment_status":"closed","ping_status":"closed","template":"elementor_header_footer","meta":{"_acf_changed":false,"footnotes":""},"class_list":["post-7228","page","type-page","status-publish","hentry"],"acf":[],"yoast_head":"<!-- This site is optimized with the Yoast SEO plugin v27.4 - https:\/\/yoast.com\/product\/yoast-seo-wordpress\/ -->\n<title>Formulaire Propri\u00e9taire - Thebluestay<\/title>\n<meta name=\"robots\" content=\"noindex, nofollow\" \/>\n<meta property=\"og:locale\" content=\"fr_FR\" \/>\n<meta property=\"og:type\" content=\"article\" \/>\n<meta property=\"og:title\" content=\"Formulaire Propri\u00e9taire - Thebluestay\" \/>\n<meta property=\"og:description\" content=\"Confiez-nous la gestion de votre bien Remplir le formulaire +33 07 82 77 77 59\" \/>\n<meta property=\"og:url\" content=\"https:\/\/thebluestay.com\/fr\/formulaire-proprietaire\/\" \/>\n<meta property=\"og:site_name\" content=\"Thebluestay\" \/>\n<meta property=\"article:modified_time\" content=\"2025-06-10T11:10:48+00:00\" \/>\n<meta name=\"twitter:card\" content=\"summary_large_image\" \/>\n<script type=\"application\/ld+json\" class=\"yoast-schema-graph\">{\"@context\":\"https:\\\/\\\/schema.org\",\"@graph\":[{\"@type\":\"WebPage\",\"@id\":\"https:\\\/\\\/thebluestay.com\\\/fr\\\/formulaire-proprietaire\\\/\",\"url\":\"https:\\\/\\\/thebluestay.com\\\/fr\\\/formulaire-proprietaire\\\/\",\"name\":\"Formulaire Propri\u00e9taire - Thebluestay\",\"isPartOf\":{\"@id\":\"https:\\\/\\\/thebluestay.com\\\/fr\\\/#website\"},\"datePublished\":\"2025-05-30T13:51:43+00:00\",\"dateModified\":\"2025-06-10T11:10:48+00:00\",\"breadcrumb\":{\"@id\":\"https:\\\/\\\/thebluestay.com\\\/fr\\\/formulaire-proprietaire\\\/#breadcrumb\"},\"inLanguage\":\"fr-FR\",\"potentialAction\":[{\"@type\":\"ReadAction\",\"target\":[\"https:\\\/\\\/thebluestay.com\\\/fr\\\/formulaire-proprietaire\\\/\"]}]},{\"@type\":\"BreadcrumbList\",\"@id\":\"https:\\\/\\\/thebluestay.com\\\/fr\\\/formulaire-proprietaire\\\/#breadcrumb\",\"itemListElement\":[{\"@type\":\"ListItem\",\"position\":1,\"name\":\"Accueil\",\"item\":\"https:\\\/\\\/thebluestay.com\\\/fr\\\/\"},{\"@type\":\"ListItem\",\"position\":2,\"name\":\"Formulaire Propri\u00e9taire\"}]},{\"@type\":\"WebSite\",\"@id\":\"https:\\\/\\\/thebluestay.com\\\/fr\\\/#website\",\"url\":\"https:\\\/\\\/thebluestay.com\\\/fr\\\/\",\"name\":\"Thebluestay\",\"description\":\"\",\"publisher\":{\"@id\":\"https:\\\/\\\/thebluestay.com\\\/fr\\\/#organization\"},\"potentialAction\":[{\"@type\":\"SearchAction\",\"target\":{\"@type\":\"EntryPoint\",\"urlTemplate\":\"https:\\\/\\\/thebluestay.com\\\/fr\\\/?s={search_term_string}\"},\"query-input\":{\"@type\":\"PropertyValueSpecification\",\"valueRequired\":true,\"valueName\":\"search_term_string\"}}],\"inLanguage\":\"fr-FR\"},{\"@type\":\"Organization\",\"@id\":\"https:\\\/\\\/thebluestay.com\\\/fr\\\/#organization\",\"name\":\"Thebluestay\",\"url\":\"https:\\\/\\\/thebluestay.com\\\/fr\\\/\",\"logo\":{\"@type\":\"ImageObject\",\"inLanguage\":\"fr-FR\",\"@id\":\"https:\\\/\\\/thebluestay.com\\\/fr\\\/#\\\/schema\\\/logo\\\/image\\\/\",\"url\":\"https:\\\/\\\/thebluestay.com\\\/wp-content\\\/uploads\\\/2024\\\/06\\\/image-1.png\",\"contentUrl\":\"https:\\\/\\\/thebluestay.com\\\/wp-content\\\/uploads\\\/2024\\\/06\\\/image-1.png\",\"width\":340,\"height\":342,\"caption\":\"Thebluestay\"},\"image\":{\"@id\":\"https:\\\/\\\/thebluestay.com\\\/fr\\\/#\\\/schema\\\/logo\\\/image\\\/\"}}]}<\/script>\n<!-- \/ Yoast SEO plugin. -->","yoast_head_json":{"title":"Formulaire Propri\u00e9taire - Thebluestay","robots":{"index":"noindex","follow":"nofollow"},"og_locale":"fr_FR","og_type":"article","og_title":"Formulaire Propri\u00e9taire - Thebluestay","og_description":"Confiez-nous la gestion de votre bien Remplir le formulaire +33 07 82 77 77 59","og_url":"https:\/\/thebluestay.com\/fr\/formulaire-proprietaire\/","og_site_name":"Thebluestay","article_modified_time":"2025-06-10T11:10:48+00:00","twitter_card":"summary_large_image","schema":{"@context":"https:\/\/schema.org","@graph":[{"@type":"WebPage","@id":"https:\/\/thebluestay.com\/fr\/formulaire-proprietaire\/","url":"https:\/\/thebluestay.com\/fr\/formulaire-proprietaire\/","name":"Formulaire Propri\u00e9taire - Thebluestay","isPartOf":{"@id":"https:\/\/thebluestay.com\/fr\/#website"},"datePublished":"2025-05-30T13:51:43+00:00","dateModified":"2025-06-10T11:10:48+00:00","breadcrumb":{"@id":"https:\/\/thebluestay.com\/fr\/formulaire-proprietaire\/#breadcrumb"},"inLanguage":"fr-FR","potentialAction":[{"@type":"ReadAction","target":["https:\/\/thebluestay.com\/fr\/formulaire-proprietaire\/"]}]},{"@type":"BreadcrumbList","@id":"https:\/\/thebluestay.com\/fr\/formulaire-proprietaire\/#breadcrumb","itemListElement":[{"@type":"ListItem","position":1,"name":"Accueil","item":"https:\/\/thebluestay.com\/fr\/"},{"@type":"ListItem","position":2,"name":"Formulaire Propri\u00e9taire"}]},{"@type":"WebSite","@id":"https:\/\/thebluestay.com\/fr\/#website","url":"https:\/\/thebluestay.com\/fr\/","name":"Thebluestay","description":"","publisher":{"@id":"https:\/\/thebluestay.com\/fr\/#organization"},"potentialAction":[{"@type":"SearchAction","target":{"@type":"EntryPoint","urlTemplate":"https:\/\/thebluestay.com\/fr\/?s={search_term_string}"},"query-input":{"@type":"PropertyValueSpecification","valueRequired":true,"valueName":"search_term_string"}}],"inLanguage":"fr-FR"},{"@type":"Organization","@id":"https:\/\/thebluestay.com\/fr\/#organization","name":"Thebluestay","url":"https:\/\/thebluestay.com\/fr\/","logo":{"@type":"ImageObject","inLanguage":"fr-FR","@id":"https:\/\/thebluestay.com\/fr\/#\/schema\/logo\/image\/","url":"https:\/\/thebluestay.com\/wp-content\/uploads\/2024\/06\/image-1.png","contentUrl":"https:\/\/thebluestay.com\/wp-content\/uploads\/2024\/06\/image-1.png","width":340,"height":342,"caption":"Thebluestay"},"image":{"@id":"https:\/\/thebluestay.com\/fr\/#\/schema\/logo\/image\/"}}]}},"_links":{"self":[{"href":"https:\/\/thebluestay.com\/fr\/wp-json\/wp\/v2\/pages\/7228","targetHints":{"allow":["GET"]}}],"collection":[{"href":"https:\/\/thebluestay.com\/fr\/wp-json\/wp\/v2\/pages"}],"about":[{"href":"https:\/\/thebluestay.com\/fr\/wp-json\/wp\/v2\/types\/page"}],"author":[{"embeddable":true,"href":"https:\/\/thebluestay.com\/fr\/wp-json\/wp\/v2\/users\/1"}],"replies":[{"embeddable":true,"href":"https:\/\/thebluestay.com\/fr\/wp-json\/wp\/v2\/comments?post=7228"}],"version-history":[{"count":1,"href":"https:\/\/thebluestay.com\/fr\/wp-json\/wp\/v2\/pages\/7228\/revisions"}],"predecessor-version":[{"id":7299,"href":"https:\/\/thebluestay.com\/fr\/wp-json\/wp\/v2\/pages\/7228\/revisions\/7299"}],"wp:attachment":[{"href":"https:\/\/thebluestay.com\/fr\/wp-json\/wp\/v2\/media?parent=7228"}],"curies":[{"name":"wp","href":"https:\/\/api.w.org\/{rel}","templated":true}]}}